{"id":135,"date":"2022-04-26T10:05:09","date_gmt":"2022-04-26T10:05:09","guid":{"rendered":"https:\/\/nau-media.ch\/?page_id=135"},"modified":"2022-06-24T12:43:01","modified_gmt":"2022-06-24T12:43:01","slug":"datenschutz","status":"publish","type":"page","link":"https:\/\/nau-media.ch\/mystaging01\/datenschutz\/","title":{"rendered":"Datenschutz"},"content":{"rendered":"[vc_row type=&#8220;in_container&#8220; full_screen_row_position=&#8220;middle&#8220; column_margin=&#8220;default&#8220; column_direction=&#8220;default&#8220; column_direction_tablet=&#8220;default&#8220; column_direction_phone=&#8220;default&#8220; scene_position=&#8220;center&#8220; text_color=&#8220;dark&#8220; text_align=&#8220;left&#8220; row_border_radius=&#8220;none&#8220; row_border_radius_applies=&#8220;bg&#8220; overflow=&#8220;visible&#8220; overlay_strength=&#8220;0.3&#8243; gradient_direction=&#8220;left_to_right&#8220; shape_divider_position=&#8220;bottom&#8220; bg_image_animation=&#8220;none&#8220;][vc_column column_padding=&#8220;no-extra-padding&#8220; column_padding_tablet=&#8220;inherit&#8220; column_padding_phone=&#8220;inherit&#8220; column_padding_position=&#8220;all&#8220; column_element_spacing=&#8220;default&#8220; background_color_opacity=&#8220;1&#8243; background_hover_color_opacity=&#8220;1&#8243; column_shadow=&#8220;none&#8220; column_border_radius=&#8220;none&#8220; column_link_target=&#8220;_self&#8220; column_position=&#8220;default&#8220; gradient_direction=&#8220;left_to_right&#8220; overlay_strength=&#8220;0.3&#8243; width=&#8220;1\/1&#8243; tablet_width_inherit=&#8220;default&#8220; tablet_text_alignment=&#8220;default&#8220; phone_text_alignment=&#8220;default&#8220; animation_type=&#8220;default&#8220; bg_image_animation=&#8220;none&#8220; border_type=&#8220;simple&#8220; column_border_width=&#8220;none&#8220; column_border_style=&#8220;solid&#8220;][vc_column_text]\n<h1>Datenschutz<\/h1>\n<p>&nbsp;<\/p>\n<h2>Datenschutzerkl\u00e4rung<\/h2>\n<p>Der Schutz Ihrer Privatsph\u00e4re ist uns ein wichtiges Anliegen. Bitte beachten Sie die folgenden Punkte unserer Datenschutzerkl\u00e4rung (Privat Policy). Diese beschreibt den Umgang mit Ihren personenbezogenen Daten, welche aufgrund von Anfragen eingehen.<\/p>\n<h2>Geltungsbereich<\/h2>\n<p>Die Datenschutzerkl\u00e4rung gilt f\u00fcr die Corporate Website der Nau media AG (nau-media.ch). F\u00fcr alle anderen Websites, bei welchen ein Nau-Link besteht, wird keine Gew\u00e4hr f\u00fcr die Einhaltung der Datenschutzbestimmungen \u00fcbernommen.<\/p>\n<h2>Verwendung von Informationen<\/h2>\n<p>Die Nau.ch Corporate Website kann besucht und genutzt werden, ohne dass Sie Angaben zu Ihrer Person machen m\u00fcssen.<\/p>\n<p>Einzig unpers\u00f6nliche Nutzungsdaten wie Ihre IP-Adresse, die zuletzt besuchte Seite, der verwendete Browser, Datum, Uhrzeit etc. werden zusammen mit Google Analytics zwecks Erkennung von Trends und zur Verbesserung unseres Angebotes sowie zur Erstellung von Statistiken ausgewertet. Dazu gelten die allgemeinen Grunds\u00e4tze von Google Analytics.[\/vc_column_text][\/vc_column][\/vc_row]\n","protected":false},"excerpt":{"rendered":"<p>[vc_row type=&#8220;in_container&#8220; full_screen_row_position=&#8220;middle&#8220; column_margin=&#8220;default&#8220; column_direction=&#8220;default&#8220; column_direction_tablet=&#8220;default&#8220; column_direction_phone=&#8220;default&#8220; scene_position=&#8220;center&#8220; text_color=&#8220;dark&#8220; text_align=&#8220;left&#8220; row_border_radius=&#8220;none&#8220; row_border_radius_applies=&#8220;bg&#8220; overflow=&#8220;visible&#8220; overlay_strength=&#8220;0.3&#8243; gradient_direction=&#8220;left_to_right&#8220; shape_divider_position=&#8220;bottom&#8220; bg_image_animation=&#8220;none&#8220;][vc_column column_padding=&#8220;no-extra-padding&#8220; column_padding_tablet=&#8220;inherit&#8220; column_padding_phone=&#8220;inherit&#8220; column_padding_position=&#8220;all&#8220; column_element_spacing=&#8220;default&#8220; background_color_opacity=&#8220;1&#8243; background_hover_color_opacity=&#8220;1&#8243; column_shadow=&#8220;none&#8220; column_border_radius=&#8220;none&#8220; column_link_target=&#8220;_self&#8220; column_position=&#8220;default&#8220; gradient_direction=&#8220;left_to_right&#8220; overlay_strength=&#8220;0.3&#8243;&#8230;<\/p>\n","protected":false},"author":2,"featured_media":0,"parent":0,"menu_order":0,"comment_status":"closed","ping_status":"closed","template":"","meta":{"footnotes":""},"class_list":["post-135","page","type-page","status-publish"],"_links":{"self":[{"href":"https:\/\/nau-media.ch\/mystaging01\/wp-json\/wp\/v2\/pages\/135"}],"collection":[{"href":"https:\/\/nau-media.ch\/mystaging01\/wp-json\/wp\/v2\/pages"}],"about":[{"href":"https:\/\/nau-media.ch\/mystaging01\/wp-json\/wp\/v2\/types\/page"}],"author":[{"embeddable":true,"href":"https:\/\/nau-media.ch\/mystaging01\/wp-json\/wp\/v2\/users\/2"}],"replies":[{"embeddable":true,"href":"https:\/\/nau-media.ch\/mystaging01\/wp-json\/wp\/v2\/comments?post=135"}],"version-history":[{"count":4,"href":"https:\/\/nau-media.ch\/mystaging01\/wp-json\/wp\/v2\/pages\/135\/revisions"}],"predecessor-version":[{"id":1109,"href":"https:\/\/nau-media.ch\/mystaging01\/wp-json\/wp\/v2\/pages\/135\/revisions\/1109"}],"wp:attachment":[{"href":"https:\/\/nau-media.ch\/mystaging01\/wp-json\/wp\/v2\/media?parent=135"}],"curies":[{"name":"wp","href":"https:\/\/api.w.org\/{rel}","templated":true}]}}