{"id":133,"date":"2022-04-26T10:04:57","date_gmt":"2022-04-26T10:04:57","guid":{"rendered":"https:\/\/nau-media.ch\/?page_id=133"},"modified":"2023-06-09T09:01:21","modified_gmt":"2023-06-09T09:01:21","slug":"impressum","status":"publish","type":"page","link":"https:\/\/nau-media.ch\/mystaging01\/impressum\/","title":{"rendered":"Impressum"},"content":{"rendered":"[vc_row type=&#8220;in_container&#8220; full_screen_row_position=&#8220;middle&#8220; column_margin=&#8220;default&#8220; column_direction=&#8220;default&#8220; column_direction_tablet=&#8220;default&#8220; column_direction_phone=&#8220;default&#8220; scene_position=&#8220;center&#8220; text_color=&#8220;dark&#8220; text_align=&#8220;left&#8220; row_border_radius=&#8220;none&#8220; row_border_radius_applies=&#8220;bg&#8220; overflow=&#8220;visible&#8220; overlay_strength=&#8220;0.3&#8243; gradient_direction=&#8220;left_to_right&#8220; shape_divider_position=&#8220;bottom&#8220; bg_image_animation=&#8220;none&#8220;][vc_column column_padding=&#8220;no-extra-padding&#8220; column_padding_tablet=&#8220;inherit&#8220; column_padding_phone=&#8220;inherit&#8220; column_padding_position=&#8220;all&#8220; column_element_spacing=&#8220;default&#8220; background_color_opacity=&#8220;1&#8243; background_hover_color_opacity=&#8220;1&#8243; column_shadow=&#8220;none&#8220; column_border_radius=&#8220;none&#8220; column_link_target=&#8220;_self&#8220; column_position=&#8220;default&#8220; gradient_direction=&#8220;left_to_right&#8220; overlay_strength=&#8220;0.3&#8243; width=&#8220;1\/1&#8243; tablet_width_inherit=&#8220;default&#8220; tablet_text_alignment=&#8220;default&#8220; phone_text_alignment=&#8220;default&#8220; animation_type=&#8220;default&#8220; bg_image_animation=&#8220;none&#8220; border_type=&#8220;simple&#8220; column_border_width=&#8220;none&#8220; column_border_style=&#8220;solid&#8220;][vc_column_text]\n<h1>Impressum<\/h1>\n<p>&nbsp;<\/p>\n<p>Nau.ch ist das Online Newsportal der Nau media AG. T\u00e4glich werden auf Nau.ch spannende Berichte aus den Rubriken News, Politik, Wirtschaft, Sport, People und Lokal publiziert.<\/p>\n<h2>Adresse<\/h2>\n<p>Nau media AG<br \/>\nWaldeggstrasse 51<br \/>\n3097 Liebefeld<br \/>\nSchweiz<br \/>\nE-Mail: <a href=\"mailto:info@nau.ch\">info@nau.ch<\/a><\/p>\n<h2>Handelsregister-Eintrag<\/h2>\n<p>Name: Nau media AG<br \/>\nUID: CHE-113.652.336<br \/>\nGerichtsstand: Bern<br \/>\nMwSt-Nr.: 113.652.336<\/p>\n<p>CEO: Yves Kilchenmann<\/p>\n<h2>Copyright<\/h2>\n<p>S\u00e4mtliche Elemente auf dieser Corporate Website sind Eigentum der Nau media AG, sofern nichts anderes ausgewiesen ist. Bei Verwendung von Bildern und Texten durch Dritte ist die Quellenangabe \u00ab\u00a9 Nau.ch\u00bb zwingend erforderlich. F\u00fcr \u00f6ffentliche und kommerzielle Nutzung der Inhalte bedarf es einer vorherigen schriftlichen Zustimmung seitens Nau media AG. Kontakt via E-Mail: <a href=\"mailto:info@nau.ch\">info@nau.ch<\/a><\/p>\n<h2>Haftungsausschluss<\/h2>\n<p>Die Nau media AG ist darauf bedacht, dass die Inhalte auf dieser Website stets aktuell, korrekt und vollst\u00e4ndig sind. Daf\u00fcr besteht jedoch keine Gew\u00e4hr.<br \/>\nF\u00fcr direkten oder indirekten Schaden, welcher durch den Zugriff auf diese Website oder durch deren Benutzung entsteht, wird jegliche Haftung abgelehnt.[\/vc_column_text][\/vc_column][\/vc_row]\n","protected":false},"excerpt":{"rendered":"<p>[vc_row type=&#8220;in_container&#8220; full_screen_row_position=&#8220;middle&#8220; column_margin=&#8220;default&#8220; column_direction=&#8220;default&#8220; column_direction_tablet=&#8220;default&#8220; column_direction_phone=&#8220;default&#8220; scene_position=&#8220;center&#8220; text_color=&#8220;dark&#8220; text_align=&#8220;left&#8220; row_border_radius=&#8220;none&#8220; row_border_radius_applies=&#8220;bg&#8220; overflow=&#8220;visible&#8220; overlay_strength=&#8220;0.3&#8243; gradient_direction=&#8220;left_to_right&#8220; shape_divider_position=&#8220;bottom&#8220; bg_image_animation=&#8220;none&#8220;][vc_column column_padding=&#8220;no-extra-padding&#8220; column_padding_tablet=&#8220;inherit&#8220; column_padding_phone=&#8220;inherit&#8220; column_padding_position=&#8220;all&#8220; column_element_spacing=&#8220;default&#8220; background_color_opacity=&#8220;1&#8243; background_hover_color_opacity=&#8220;1&#8243; column_shadow=&#8220;none&#8220; column_border_radius=&#8220;none&#8220; column_link_target=&#8220;_self&#8220; column_position=&#8220;default&#8220; gradient_direction=&#8220;left_to_right&#8220; overlay_strength=&#8220;0.3&#8243;&#8230;<\/p>\n","protected":false},"author":2,"featured_media":0,"parent":0,"menu_order":0,"comment_status":"closed","ping_status":"closed","template":"","meta":{"footnotes":""},"class_list":["post-133","page","type-page","status-publish"],"_links":{"self":[{"href":"https:\/\/nau-media.ch\/mystaging01\/wp-json\/wp\/v2\/pages\/133"}],"collection":[{"href":"https:\/\/nau-media.ch\/mystaging01\/wp-json\/wp\/v2\/pages"}],"about":[{"href":"https:\/\/nau-media.ch\/mystaging01\/wp-json\/wp\/v2\/types\/page"}],"author":[{"embeddable":true,"href":"https:\/\/nau-media.ch\/mystaging01\/wp-json\/wp\/v2\/users\/2"}],"replies":[{"embeddable":true,"href":"https:\/\/nau-media.ch\/mystaging01\/wp-json\/wp\/v2\/comments?post=133"}],"version-history":[{"count":7,"href":"https:\/\/nau-media.ch\/mystaging01\/wp-json\/wp\/v2\/pages\/133\/revisions"}],"predecessor-version":[{"id":12201,"href":"https:\/\/nau-media.ch\/mystaging01\/wp-json\/wp\/v2\/pages\/133\/revisions\/12201"}],"wp:attachment":[{"href":"https:\/\/nau-media.ch\/mystaging01\/wp-json\/wp\/v2\/media?parent=133"}],"curies":[{"name":"wp","href":"https:\/\/api.w.org\/{rel}","templated":true}]}}